{"id":89,"date":"2024-03-06T19:26:12","date_gmt":"2024-03-07T00:26:12","guid":{"rendered":"http:\/\/actingstudiopty.com\/?page_id=89"},"modified":"2026-03-28T14:48:15","modified_gmt":"2026-03-28T19:48:15","slug":"cursos-para-ninos-y-jovenes","status":"publish","type":"page","link":"http:\/\/actingstudiopty.com\/?page_id=89","title":{"rendered":"Taller de actuaci\u00f3n y doblaje para teens"},"content":{"rendered":"\n<figure class=\"wp-block-image size-large\"><img decoding=\"async\" src=\"http:\/\/actingstudiopty.com\/wp-content\/uploads\/2026\/03\/aydt-819x1024.jpeg\" alt=\"\" class=\"wp-image-164\"\/><\/figure>\n\n\n\n<p>Informaci\u00f3n&nbsp;<\/p>\n\n\n\n<ul class=\"wp-block-list\">\n<li>Edades: desde los 10 a\u00f1os hasta los 17 a\u00f1os<\/li>\n\n\n\n<li>Horario 10am a 12pm<\/li>\n\n\n\n<li>Lugar: The Jammin house en Betania&nbsp;<\/li>\n\n\n\n<li>Costos: matr\u00edcula 20.00<\/li>\n\n\n\n<li>Mensualidades (2) 75.00<\/li>\n\n\n\n<li>Precios especiales para hermanos<\/li>\n\n\n\n<li>Precio especial en mensualidades por pronto pago.&nbsp;<\/li>\n\n\n\n<li>Ejercicios de dicci\u00f3n, modulaci\u00f3n, respiraci\u00f3n, actuaci\u00f3n y doblaje. Incluye demo.<\/li>\n<\/ul>\n\n\n\n<hr class=\"wp-block-separator has-alpha-channel-opacity\"\/>\n\n\n\n<iframe loading=\"lazy\" src=\"https:\/\/docs.google.com\/forms\/d\/e\/1FAIpQLSd8CeImkejmndaIiHIw1EADM4Yk9AtsgPgE8HRRggKCKv5eYQ\/viewform?embedded=true\" width=\"640\" height=\"2925\" frameborder=\"0\" marginheight=\"0\" marginwidth=\"0\">Cargando\u2026<\/iframe>\n","protected":false},"excerpt":{"rendered":"<p>Informaci\u00f3n&nbsp; Cargando\u2026<\/p>\n","protected":false},"author":1,"featured_media":0,"parent":0,"menu_order":0,"comment_status":"closed","ping_status":"closed","template":"","meta":{"footnotes":""},"class_list":["post-89","page","type-page","status-publish","hentry"],"_links":{"self":[{"href":"http:\/\/actingstudiopty.com\/index.php?rest_route=\/wp\/v2\/pages\/89","targetHints":{"allow":["GET"]}}],"collection":[{"href":"http:\/\/actingstudiopty.com\/index.php?rest_route=\/wp\/v2\/pages"}],"about":[{"href":"http:\/\/actingstudiopty.com\/index.php?rest_route=\/wp\/v2\/types\/page"}],"author":[{"embeddable":true,"href":"http:\/\/actingstudiopty.com\/index.php?rest_route=\/wp\/v2\/users\/1"}],"replies":[{"embeddable":true,"href":"http:\/\/actingstudiopty.com\/index.php?rest_route=%2Fwp%2Fv2%2Fcomments&post=89"}],"version-history":[{"count":13,"href":"http:\/\/actingstudiopty.com\/index.php?rest_route=\/wp\/v2\/pages\/89\/revisions"}],"predecessor-version":[{"id":177,"href":"http:\/\/actingstudiopty.com\/index.php?rest_route=\/wp\/v2\/pages\/89\/revisions\/177"}],"wp:attachment":[{"href":"http:\/\/actingstudiopty.com\/index.php?rest_route=%2Fwp%2Fv2%2Fmedia&parent=89"}],"curies":[{"name":"wp","href":"https:\/\/api.w.org\/{rel}","templated":true}]}}