{"id":54,"date":"2024-03-05T19:43:45","date_gmt":"2024-03-06T00:43:45","guid":{"rendered":"http:\/\/actingstudiopty.com\/?page_id=54"},"modified":"2024-05-08T15:52:48","modified_gmt":"2024-05-08T20:52:48","slug":"nuestras-voces","status":"publish","type":"page","link":"http:\/\/actingstudiopty.com\/?page_id=54","title":{"rendered":"My Voice"},"content":{"rendered":"\n<p>My voice fue creado por Acting Studio para promover nuevas voces de la locuci\u00f3n en Panam\u00e1. Todos egresados de nuestros talleres de locuci\u00f3n y doblaje de adolescentes o adultos. Descubra la voz que necesita para su proyecto o marca en My Voice.<\/p>\n\n\n\n<hr class=\"wp-block-separator has-alpha-channel-opacity is-style-dots\"\/>\n\n\n\n<div class=\"wp-block-buttons is-layout-flex wp-block-buttons-is-layout-flex\">\n<div class=\"wp-block-button has-custom-width wp-block-button__width-100 is-style-outline is-style-outline--1\"><a class=\"wp-block-button__link has-pale-cyan-blue-background-color has-text-color has-background has-link-color has-text-align-center wp-element-button\" style=\"color:#555555\">Formulario para ingresar a <strong>My Voice<\/strong><\/a><\/div>\n<\/div>\n\n\n\n<div style=\"height:30px\" aria-hidden=\"true\" class=\"wp-block-spacer\"><\/div>\n\n\n\n<hr class=\"wp-block-separator has-alpha-channel-opacity\"\/>\n\n\n\n<div class=\"wp-block-columns alignwide are-vertically-aligned-center is-layout-flex wp-container-core-columns-is-layout-1 wp-block-columns-is-layout-flex\">\n<div class=\"wp-block-column is-vertically-aligned-center is-layout-flow wp-block-column-is-layout-flow\">\n<figure class=\"wp-block-image size-full\"><img loading=\"lazy\" decoding=\"async\" width=\"768\" height=\"768\" src=\"http:\/\/actingstudiopty.com\/wp-content\/uploads\/2024\/03\/download_image_1698871065697.png\" alt=\"\" class=\"wp-image-59\" srcset=\"http:\/\/actingstudiopty.com\/wp-content\/uploads\/2024\/03\/download_image_1698871065697.png 768w, http:\/\/actingstudiopty.com\/wp-content\/uploads\/2024\/03\/download_image_1698871065697-300x300.png 300w, http:\/\/actingstudiopty.com\/wp-content\/uploads\/2024\/03\/download_image_1698871065697-150x150.png 150w\" sizes=\"auto, (max-width: 768px) 100vw, 768px\" \/><\/figure>\n\n\n\n<h3 class=\"wp-block-heading has-text-align-center\">Enzo<\/h3>\n\n\n\n<figure class=\"wp-block-audio\"><audio controls src=\"http:\/\/actingstudiopty.com\/wp-content\/uploads\/2024\/03\/MC-Radio-ASAP-Panama-1.mp3\"><\/audio><\/figure>\n<\/div>\n\n\n\n<div class=\"wp-block-column is-vertically-aligned-center is-layout-flow wp-block-column-is-layout-flow\">\n<figure class=\"wp-block-image size-full\"><img loading=\"lazy\" decoding=\"async\" width=\"768\" height=\"768\" src=\"http:\/\/actingstudiopty.com\/wp-content\/uploads\/2024\/03\/download_image_1700012395378.png\" alt=\"\" class=\"wp-image-60\" srcset=\"http:\/\/actingstudiopty.com\/wp-content\/uploads\/2024\/03\/download_image_1700012395378.png 768w, http:\/\/actingstudiopty.com\/wp-content\/uploads\/2024\/03\/download_image_1700012395378-300x300.png 300w, http:\/\/actingstudiopty.com\/wp-content\/uploads\/2024\/03\/download_image_1700012395378-150x150.png 150w\" sizes=\"auto, (max-width: 768px) 100vw, 768px\" \/><\/figure>\n\n\n\n<h3 class=\"wp-block-heading has-text-align-center\">Monica<\/h3>\n\n\n\n<figure class=\"wp-block-audio\"><audio controls src=\"http:\/\/actingstudiopty.com\/wp-content\/uploads\/2024\/03\/MC-Radio-ASAP-Panama-1.mp3\"><\/audio><\/figure>\n<\/div>\n\n\n\n<div class=\"wp-block-column is-vertically-aligned-center is-layout-flow wp-block-column-is-layout-flow\">\n<figure class=\"wp-block-image size-full\"><img loading=\"lazy\" decoding=\"async\" width=\"512\" height=\"512\" src=\"http:\/\/actingstudiopty.com\/wp-content\/uploads\/2024\/03\/download_image_1700012704871-edited.png\" alt=\"\" class=\"wp-image-62\" srcset=\"http:\/\/actingstudiopty.com\/wp-content\/uploads\/2024\/03\/download_image_1700012704871-edited.png 512w, http:\/\/actingstudiopty.com\/wp-content\/uploads\/2024\/03\/download_image_1700012704871-edited-300x300.png 300w, http:\/\/actingstudiopty.com\/wp-content\/uploads\/2024\/03\/download_image_1700012704871-edited-150x150.png 150w\" sizes=\"auto, (max-width: 512px) 100vw, 512px\" \/><\/figure>\n\n\n\n<h3 class=\"wp-block-heading has-text-align-center\">Enrique<\/h3>\n\n\n\n<figure class=\"wp-block-audio\"><audio controls src=\"http:\/\/actingstudiopty.com\/wp-content\/uploads\/2024\/03\/MC-Radio-ASAP-Panama-1.mp3\"><\/audio><\/figure>\n<\/div>\n<\/div>\n","protected":false},"excerpt":{"rendered":"<p>My voice fue creado por Acting Studio para promover nuevas voces de la locuci\u00f3n en Panam\u00e1. Todos egresados de nuestros talleres de locuci\u00f3n y doblaje de adolescentes o adultos. Descubra &#8230;<\/p>\n","protected":false},"author":1,"featured_media":0,"parent":0,"menu_order":0,"comment_status":"closed","ping_status":"closed","template":"","meta":{"footnotes":""},"class_list":["post-54","page","type-page","status-publish","hentry"],"_links":{"self":[{"href":"http:\/\/actingstudiopty.com\/index.php?rest_route=\/wp\/v2\/pages\/54","targetHints":{"allow":["GET"]}}],"collection":[{"href":"http:\/\/actingstudiopty.com\/index.php?rest_route=\/wp\/v2\/pages"}],"about":[{"href":"http:\/\/actingstudiopty.com\/index.php?rest_route=\/wp\/v2\/types\/page"}],"author":[{"embeddable":true,"href":"http:\/\/actingstudiopty.com\/index.php?rest_route=\/wp\/v2\/users\/1"}],"replies":[{"embeddable":true,"href":"http:\/\/actingstudiopty.com\/index.php?rest_route=%2Fwp%2Fv2%2Fcomments&post=54"}],"version-history":[{"count":6,"href":"http:\/\/actingstudiopty.com\/index.php?rest_route=\/wp\/v2\/pages\/54\/revisions"}],"predecessor-version":[{"id":145,"href":"http:\/\/actingstudiopty.com\/index.php?rest_route=\/wp\/v2\/pages\/54\/revisions\/145"}],"wp:attachment":[{"href":"http:\/\/actingstudiopty.com\/index.php?rest_route=%2Fwp%2Fv2%2Fmedia&parent=54"}],"curies":[{"name":"wp","href":"https:\/\/api.w.org\/{rel}","templated":true}]}}