{"id":109,"date":"2024-04-15T17:41:29","date_gmt":"2024-04-15T22:41:29","guid":{"rendered":"http:\/\/actingstudiopty.com\/?page_id=109"},"modified":"2024-05-08T15:47:26","modified_gmt":"2024-05-08T20:47:26","slug":"nuestros-servicios","status":"publish","type":"page","link":"http:\/\/actingstudiopty.com\/?page_id=109","title":{"rendered":"Nuestros servicios"},"content":{"rendered":"\n<div class=\"wp-block-cover alignfull is-light\"><span aria-hidden=\"true\" class=\"wp-block-cover__background has-background-dim-100 has-background-dim\" style=\"background-color:#ffffff\"><\/span><div class=\"wp-block-cover__inner-container is-layout-flow wp-block-cover-is-layout-flow\">\n<div class=\"wp-block-media-text alignwide is-stacked-on-mobile is-vertically-aligned-center is-image-fill\" style=\"grid-template-columns:56% auto\"><figure class=\"wp-block-media-text__media\" style=\"background-image:url(http:\/\/actingstudiopty.com\/wp-content\/uploads\/2024\/04\/IMG-20230817-WA0098.jpg);background-position:50% 50%\"><img loading=\"lazy\" decoding=\"async\" width=\"1024\" height=\"768\" src=\"http:\/\/actingstudiopty.com\/wp-content\/uploads\/2024\/04\/IMG-20230817-WA0098.jpg\" alt=\"\" class=\"wp-image-114 size-full\" srcset=\"http:\/\/actingstudiopty.com\/wp-content\/uploads\/2024\/04\/IMG-20230817-WA0098.jpg 1024w, http:\/\/actingstudiopty.com\/wp-content\/uploads\/2024\/04\/IMG-20230817-WA0098-300x225.jpg 300w, http:\/\/actingstudiopty.com\/wp-content\/uploads\/2024\/04\/IMG-20230817-WA0098-768x576.jpg 768w\" sizes=\"auto, (max-width: 1024px) 100vw, 1024px\" \/><\/figure><div class=\"wp-block-media-text__content\">\n<h2 class=\"wp-block-heading has-text-color\" style=\"color:#000000;font-size:32px\"><strong>Nuestros Servicios<\/strong><\/h2>\n\n\n\n<pre class=\"wp-block-preformatted\" style=\"font-size:17px\">Nos especializamos en la capacitaci\u00f3n de nuevo artistas a trav\u00e9s de nuestros distintos talleres<br>Adem\u00e1s, ofrecemos servicios como contrataci\u00f3n de actores y talentos para eventos privados, BTL, activaciones, casting para teatro y televisi\u00f3n, confecci\u00f3n de guiones para shows comerciales y navide\u00f1os, alquiler de vestuarios navide\u00f1os, coordinaci\u00f3n de eventos masivos, contrataciones de locutores y direcci\u00f3n de eventos.<\/pre>\n<\/div><\/div>\n<\/div><\/div>\n\n\n\n<div class=\"wp-block-buttons is-content-justification-center is-layout-flex wp-container-core-buttons-is-layout-1 wp-block-buttons-is-layout-flex\">\n<div class=\"wp-block-button has-custom-width wp-block-button__width-100\"><a class=\"wp-block-button__link has-text-align-center wp-element-button\">Descubra la voz que necesita para su proyecto o marca en <strong>My Voice<\/strong><\/a><\/div>\n<\/div>\n","protected":false},"excerpt":{"rendered":"","protected":false},"author":1,"featured_media":0,"parent":0,"menu_order":0,"comment_status":"closed","ping_status":"closed","template":"","meta":{"footnotes":""},"class_list":["post-109","page","type-page","status-publish","hentry"],"_links":{"self":[{"href":"http:\/\/actingstudiopty.com\/index.php?rest_route=\/wp\/v2\/pages\/109","targetHints":{"allow":["GET"]}}],"collection":[{"href":"http:\/\/actingstudiopty.com\/index.php?rest_route=\/wp\/v2\/pages"}],"about":[{"href":"http:\/\/actingstudiopty.com\/index.php?rest_route=\/wp\/v2\/types\/page"}],"author":[{"embeddable":true,"href":"http:\/\/actingstudiopty.com\/index.php?rest_route=\/wp\/v2\/users\/1"}],"replies":[{"embeddable":true,"href":"http:\/\/actingstudiopty.com\/index.php?rest_route=%2Fwp%2Fv2%2Fcomments&post=109"}],"version-history":[{"count":6,"href":"http:\/\/actingstudiopty.com\/index.php?rest_route=\/wp\/v2\/pages\/109\/revisions"}],"predecessor-version":[{"id":140,"href":"http:\/\/actingstudiopty.com\/index.php?rest_route=\/wp\/v2\/pages\/109\/revisions\/140"}],"wp:attachment":[{"href":"http:\/\/actingstudiopty.com\/index.php?rest_route=%2Fwp%2Fv2%2Fmedia&parent=109"}],"curies":[{"name":"wp","href":"https:\/\/api.w.org\/{rel}","templated":true}]}}